{"id":688,"date":"2023-09-29T07:28:11","date_gmt":"2023-09-29T07:28:11","guid":{"rendered":"https:\/\/artnailsbysandrasans.com\/declaration-daccessibilite\/"},"modified":"2023-09-29T07:28:11","modified_gmt":"2023-09-29T07:28:11","slug":"declaration-daccessibilite","status":"publish","type":"page","link":"https:\/\/artnailsbysandrasans.com\/fr\/declaration-daccessibilite\/","title":{"rendered":"D\u00e9claration d&rsquo;accessibilit\u00e9"},"content":{"rendered":"<section id=\"contenido-principal\" class=\"bloque-contenedor\">\n<h1>D\u00e9claration d&rsquo;accessibilit\u00e9 d&rsquo;Art Nails<\/h1>\n<p>R\u00e9sultat : <span class=\"rojo\">Partiellement conforme<\/span> <\/p>\n<p>Art Nails s&rsquo;est engag\u00e9 \u00e0 rendre son site Internet accessible conform\u00e9ment au <a href=\"https:\/\/www.boe.es\/boe\/dias\/2018\/09\/19\/pdfs\/BOE-A-2018-12699.pdf\">d\u00e9cret royal 1112\/2018 du 7 septembre.<\/a><\/p>\n<p>Depuis le 28\/09\/2023, <a href=\"https:\/\/addaw.org\/es\" target=\"_blank\" rel=\"noopener\">l&rsquo;\u00e9quipe ADDAW<\/a> a r\u00e9alis\u00e9 un audit d&rsquo;accessibilit\u00e9 du site https:\/\/artnailsbysandrasans.com\/ suivant la m\u00e9thodologie \u00e9tablie dans la norme UNE-EN 301549:2022.<\/p>\n<p>Le r\u00e9sultat de l&rsquo;audit est <strong>partiellement conforme<\/strong> au RD 1112\/2018 et \u00e0 la norme UNE-EN 301549:2022 en raison des exceptions et des d\u00e9fauts de conformit\u00e9 d\u00e9taill\u00e9s dans le rapport t\u00e9l\u00e9chargeable.<\/p>\n<table>\n<thead>\n<tr>\n<td colspan=\"2\"><\/td>\n<\/tr>\n<\/thead>\n<tbody>\n<tr>\n<td>Date de conformit\u00e9<\/td>\n<td>28\/09\/2023<\/td>\n<\/tr>\n<tr>\n<td>Version<\/td>\n<td>UNE-EN 301549:2022<\/td>\n<\/tr>\n<tr>\n<td>Uri<\/td>\n<td><a href=\"https:\/\/www.etsi.org\/deliver\/etsi_en\/301500_301599\/301549\/03.02.01_60\/en_301549v030201p.pdf\" target=\"_blank\" rel=\"noopener\">Descargar<\/a><\/td>\n<\/tr>\n<tr>\n<td>Niveau de conformit\u00e9<\/td>\n<td>AA<\/td>\n<\/tr>\n<\/tbody>\n<\/table>\n<table>\n<thead>\n<tr>\n<td>Port\u00e9e de la d\u00e9claration<\/td>\n<\/tr>\n<\/thead>\n<tbody>\n<tr>\n<td>Tout le contenu du site public<\/td>\n<\/tr>\n<\/tbody>\n<\/table>\n<table>\n<thead>\n<tr>\n<td colspan=\"3\">Exemples de pages<\/td>\n<\/tr>\n<tr>\n<td>Qualification<\/td>\n<td>Uri<\/td>\n<\/tr>\n<\/thead>\n<tbody>\n<tr>\n<td>Accueil<\/td>\n<td>https:\/\/artnailsbysandrasans.com\/<\/td>\n<\/tr>\n<tr>\n<td>Connais-nous<\/td>\n<td>https:\/\/artnailsbysandrasans.com\/conocenos\/<\/td>\n<\/tr>\n<tr>\n<td>Prestations de service<\/td>\n<td>https:\/\/artnailsbysandrasans.com\/servicios\/<\/td>\n<\/tr>\n<tr>\n<td>Service de r\u00e9serve<\/td>\n<td>https:\/\/artnailsbysandrasans.com\/reservar-cita\/?id_categoria=1&amp;servicio=1<\/td>\n<\/tr>\n<tr>\n<td>Contact<\/td>\n<td>https:\/\/artnailsbysandrasans.com\/contacto\/<\/td>\n<\/tr>\n<tr>\n<td>Promotions<\/td>\n<td>https:\/\/artnailsbysandrasans.com\/promociones\/<\/td>\n<\/tr>\n<tr>\n<td>Politique de confidentialit\u00e9<\/td>\n<td>https:\/\/artnailsbysandrasans.com\/politica-privacidad\/<\/td>\n<\/tr>\n<tr>\n<td>D\u00e9claration d&rsquo;accessibilit\u00e9<\/td>\n<td>https:\/\/artnailsbysandrasans.com\/politica-privacidad\/<\/td>\n<\/tr>\n<tr>\n<td>Finaliser l&rsquo;achat<\/td>\n<td>https:\/\/artnailsbysandrasans.com\/finalizar-compra\/<\/td>\n<\/tr>\n<\/tbody>\n<\/table>\n<table>\n<thead>\n<tr>\n<td colspan=\"2\">Technologies actuelles<\/td>\n<\/tr>\n<\/thead>\n<tbody>\n<tr>\n<td>CSS<\/td>\n<td>http:\/\/www.w3.org\/Style\/CSS\/specs\/<\/td>\n<\/tr>\n<tr>\n<td>HTML5<\/td>\n<td>http:\/\/www.w3.org\/TR\/html5\/<\/td>\n<\/tr>\n<tr>\n<td>WAI-ARIA<\/td>\n<td>https:\/\/www.w3.org\/TR\/wai-aria\/<\/td>\n<\/tr>\n<tr>\n<td>javascript<\/td>\n<td>https:\/\/developer.mozilla.org\/es\/docs\/Web\/JavaScript<\/td>\n<\/tr>\n<\/tbody>\n<\/table>\n<table>\n<thead>\n<tr>\n<td>Outils d&rsquo;occasion<\/td>\n<\/tr>\n<\/thead>\n<tbody>\n<tr>\n<td>Browser DevTools\/Inspector<\/td>\n<\/tr>\n<tr>\n<td>Google Lighthouse<\/td>\n<\/tr>\n<tr>\n<td>HTML Validation<\/td>\n<\/tr>\n<tr>\n<td>VoiceOver Screen Reader<\/td>\n<\/tr>\n<tr>\n<td>WAVE Browser Extension<\/td>\n<\/tr>\n<tr>\n<td>ZoomText Fusion<\/td>\n<\/tr>\n<\/tbody>\n<\/table>\n<table>\n<thead>\n<tr>\n<td>Agents utilisateurs utilis\u00e9s<\/td>\n<\/tr>\n<\/thead>\n<tbody>\n<tr>\n<td>Chrome &#8211; Latest<\/td>\n<\/tr>\n<tr>\n<td>Edge &#8211; Latest<\/td>\n<\/tr>\n<tr>\n<td>Firefox &#8211; Latest<\/td>\n<\/tr>\n<tr>\n<td>iOS Safari &#8211; Latest<\/td>\n<\/tr>\n<tr>\n<td>Opera &#8211; Latest<\/td>\n<\/tr>\n<\/tbody>\n<\/table>\n<h2><\/h2>\n<h2>Contact<\/h2>\n<p>Vous pouvez effectuer des communications sur les exigences d&rsquo;accessibilit\u00e9 (article 10.2.a) du RD 1112\/2018, telles que :<\/p>\n<ul>\n<li>Signaler toute \u00e9ventuelle conformit\u00e9 de ce site<\/li>\n<li>Transmettre d&rsquo;autres difficult\u00e9s d&rsquo;acc\u00e8s au contenu<\/li>\n<li>Posez toute autre question ou suggestion d\u2019am\u00e9lioration concernant l\u2019accessibilit\u00e9 du site<\/li>\n<\/ul>\n<p>Via le compte de messagerie <a href=\"mailto:info@artnailsbysandrasans.com\">info@artnailsbysandrasans.com<\/a><\/p>\n<h2>T\u00e9l\u00e9charger les rapports<\/h2>\n<table>\n<thead>\n<tr style=\"text-align: center;\">\n<th style=\"text-align: center;\">Identifiant<\/th>\n<th style=\"text-align: center;\">Date<\/th>\n<th style=\"text-align: center;\">Auditeur<\/th>\n<th style=\"text-align: center;\">\u00c9tat<\/th>\n<th style=\"text-align: center;\">Lien<\/th>\n<\/tr>\n<\/thead>\n<tbody>\n<tr style=\"text-align: center;\">\n<td>858<\/td>\n<td>28\/09\/23<\/td>\n<td>David Prieto Gonz\u00e1lez<\/td>\n<td>Partiellement conforme<\/td>\n<td><a href=\"http:\/\/addaw.org\/webService\/descargarInformePdf?id=858\" aria-label=\"Ver informe 858\">Voir le rapport<\/a><\/td>\n<\/tr>\n<tr style=\"text-align: center;\">\n<td>860<\/td>\n<td>28\/09\/23<\/td>\n<td>David Prieto Gonz\u00e1lez<\/td>\n<td>Partiellement conforme<\/td>\n<td><a href=\"http:\/\/addaw.org\/webService\/descargarInformePdf?id=860\" aria-label=\"Ver informe 860\">Voir le rapport<\/a><\/td>\n<\/tr>\n<\/tbody>\n<\/table>\n<\/section>\n","protected":false},"excerpt":{"rendered":"<p>D\u00e9claration d&rsquo;accessibilit\u00e9 d&rsquo;Art Nails R\u00e9sultat : Partiellement conforme Art Nails s&rsquo;est engag\u00e9 \u00e0 rendre son site Internet accessible conform\u00e9ment au d\u00e9cret royal 1112\/2018 du 7 septembre. Depuis le 28\/09\/2023, l&rsquo;\u00e9quipe ADDAW a r\u00e9alis\u00e9 un audit d&rsquo;accessibilit\u00e9 du site https:\/\/artnailsbysandrasans.com\/ suivant la m\u00e9thodologie \u00e9tablie dans la norme UNE-EN 301549:2022. Le r\u00e9sultat de l&rsquo;audit est partiellement conforme [&hellip;]<\/p>\n","protected":false},"author":2,"featured_media":0,"parent":0,"menu_order":0,"comment_status":"closed","ping_status":"closed","template":"","meta":{"_acf_changed":false,"footnotes":""},"class_list":["post-688","page","type-page","status-publish","hentry"],"acf":[],"yoast_head":"<!-- This site is optimized with the Yoast SEO plugin v24.7 - https:\/\/yoast.com\/wordpress\/plugins\/seo\/ -->\n<title>D\u00e9claration d&#039;accessibilit\u00e9 - Art Nails &amp; Laser<\/title>\n<meta name=\"robots\" content=\"index, follow, max-snippet:-1, max-image-preview:large, max-video-preview:-1\" \/>\n<link rel=\"canonical\" href=\"https:\/\/artnailsbysandrasans.com\/fr\/declaration-daccessibilite\/\" \/>\n<meta property=\"og:locale\" content=\"fr_FR\" \/>\n<meta property=\"og:type\" content=\"article\" \/>\n<meta property=\"og:title\" content=\"D\u00e9claration d&#039;accessibilit\u00e9 - Art Nails &amp; Laser\" \/>\n<meta property=\"og:description\" content=\"D\u00e9claration d&rsquo;accessibilit\u00e9 d&rsquo;Art Nails R\u00e9sultat : Partiellement conforme Art Nails s&rsquo;est engag\u00e9 \u00e0 rendre son site Internet accessible conform\u00e9ment au d\u00e9cret royal 1112\/2018 du 7 septembre. Depuis le 28\/09\/2023, l&rsquo;\u00e9quipe ADDAW a r\u00e9alis\u00e9 un audit d&rsquo;accessibilit\u00e9 du site https:\/\/artnailsbysandrasans.com\/ suivant la m\u00e9thodologie \u00e9tablie dans la norme UNE-EN 301549:2022. Le r\u00e9sultat de l&rsquo;audit est partiellement conforme [&hellip;]\" \/>\n<meta property=\"og:url\" content=\"https:\/\/artnailsbysandrasans.com\/fr\/declaration-daccessibilite\/\" \/>\n<meta property=\"og:site_name\" content=\"Art Nails &amp; Laser\" \/>\n<meta name=\"twitter:card\" content=\"summary_large_image\" \/>\n<meta name=\"twitter:label1\" content=\"Dur\u00e9e de lecture estim\u00e9e\" \/>\n\t<meta name=\"twitter:data1\" content=\"2 minutes\" \/>\n<script type=\"application\/ld+json\" class=\"yoast-schema-graph\">{\"@context\":\"https:\/\/schema.org\",\"@graph\":[{\"@type\":\"WebPage\",\"@id\":\"https:\/\/artnailsbysandrasans.com\/fr\/declaration-daccessibilite\/\",\"url\":\"https:\/\/artnailsbysandrasans.com\/fr\/declaration-daccessibilite\/\",\"name\":\"D\u00e9claration d'accessibilit\u00e9 - Art Nails &amp; Laser\",\"isPartOf\":{\"@id\":\"https:\/\/artnailsbysandrasans.com\/fr\/#website\"},\"datePublished\":\"2023-09-29T07:28:11+00:00\",\"breadcrumb\":{\"@id\":\"https:\/\/artnailsbysandrasans.com\/fr\/declaration-daccessibilite\/#breadcrumb\"},\"inLanguage\":\"fr-FR\",\"potentialAction\":[{\"@type\":\"ReadAction\",\"target\":[\"https:\/\/artnailsbysandrasans.com\/fr\/declaration-daccessibilite\/\"]}]},{\"@type\":\"BreadcrumbList\",\"@id\":\"https:\/\/artnailsbysandrasans.com\/fr\/declaration-daccessibilite\/#breadcrumb\",\"itemListElement\":[{\"@type\":\"ListItem\",\"position\":1,\"name\":\"Accueil\",\"item\":\"https:\/\/artnailsbysandrasans.com\/fr\/\"},{\"@type\":\"ListItem\",\"position\":2,\"name\":\"D\u00e9claration d&#8217;accessibilit\u00e9\"}]},{\"@type\":\"WebSite\",\"@id\":\"https:\/\/artnailsbysandrasans.com\/fr\/#website\",\"url\":\"https:\/\/artnailsbysandrasans.com\/fr\/\",\"name\":\"Art Nails &amp; Laser\",\"description\":\"\",\"potentialAction\":[{\"@type\":\"SearchAction\",\"target\":{\"@type\":\"EntryPoint\",\"urlTemplate\":\"https:\/\/artnailsbysandrasans.com\/fr\/?s={search_term_string}\"},\"query-input\":{\"@type\":\"PropertyValueSpecification\",\"valueRequired\":true,\"valueName\":\"search_term_string\"}}],\"inLanguage\":\"fr-FR\"}]}<\/script>\n<!-- \/ Yoast SEO plugin. -->","yoast_head_json":{"title":"D\u00e9claration d'accessibilit\u00e9 - Art Nails &amp; Laser","robots":{"index":"index","follow":"follow","max-snippet":"max-snippet:-1","max-image-preview":"max-image-preview:large","max-video-preview":"max-video-preview:-1"},"canonical":"https:\/\/artnailsbysandrasans.com\/fr\/declaration-daccessibilite\/","og_locale":"fr_FR","og_type":"article","og_title":"D\u00e9claration d'accessibilit\u00e9 - Art Nails &amp; Laser","og_description":"D\u00e9claration d&rsquo;accessibilit\u00e9 d&rsquo;Art Nails R\u00e9sultat : Partiellement conforme Art Nails s&rsquo;est engag\u00e9 \u00e0 rendre son site Internet accessible conform\u00e9ment au d\u00e9cret royal 1112\/2018 du 7 septembre. Depuis le 28\/09\/2023, l&rsquo;\u00e9quipe ADDAW a r\u00e9alis\u00e9 un audit d&rsquo;accessibilit\u00e9 du site https:\/\/artnailsbysandrasans.com\/ suivant la m\u00e9thodologie \u00e9tablie dans la norme UNE-EN 301549:2022. Le r\u00e9sultat de l&rsquo;audit est partiellement conforme [&hellip;]","og_url":"https:\/\/artnailsbysandrasans.com\/fr\/declaration-daccessibilite\/","og_site_name":"Art Nails &amp; Laser","twitter_card":"summary_large_image","twitter_misc":{"Dur\u00e9e de lecture estim\u00e9e":"2 minutes"},"schema":{"@context":"https:\/\/schema.org","@graph":[{"@type":"WebPage","@id":"https:\/\/artnailsbysandrasans.com\/fr\/declaration-daccessibilite\/","url":"https:\/\/artnailsbysandrasans.com\/fr\/declaration-daccessibilite\/","name":"D\u00e9claration d'accessibilit\u00e9 - Art Nails &amp; Laser","isPartOf":{"@id":"https:\/\/artnailsbysandrasans.com\/fr\/#website"},"datePublished":"2023-09-29T07:28:11+00:00","breadcrumb":{"@id":"https:\/\/artnailsbysandrasans.com\/fr\/declaration-daccessibilite\/#breadcrumb"},"inLanguage":"fr-FR","potentialAction":[{"@type":"ReadAction","target":["https:\/\/artnailsbysandrasans.com\/fr\/declaration-daccessibilite\/"]}]},{"@type":"BreadcrumbList","@id":"https:\/\/artnailsbysandrasans.com\/fr\/declaration-daccessibilite\/#breadcrumb","itemListElement":[{"@type":"ListItem","position":1,"name":"Accueil","item":"https:\/\/artnailsbysandrasans.com\/fr\/"},{"@type":"ListItem","position":2,"name":"D\u00e9claration d&#8217;accessibilit\u00e9"}]},{"@type":"WebSite","@id":"https:\/\/artnailsbysandrasans.com\/fr\/#website","url":"https:\/\/artnailsbysandrasans.com\/fr\/","name":"Art Nails &amp; Laser","description":"","potentialAction":[{"@type":"SearchAction","target":{"@type":"EntryPoint","urlTemplate":"https:\/\/artnailsbysandrasans.com\/fr\/?s={search_term_string}"},"query-input":{"@type":"PropertyValueSpecification","valueRequired":true,"valueName":"search_term_string"}}],"inLanguage":"fr-FR"}]}},"_links":{"self":[{"href":"https:\/\/artnailsbysandrasans.com\/fr\/wp-json\/wp\/v2\/pages\/688","targetHints":{"allow":["GET"]}}],"collection":[{"href":"https:\/\/artnailsbysandrasans.com\/fr\/wp-json\/wp\/v2\/pages"}],"about":[{"href":"https:\/\/artnailsbysandrasans.com\/fr\/wp-json\/wp\/v2\/types\/page"}],"author":[{"embeddable":true,"href":"https:\/\/artnailsbysandrasans.com\/fr\/wp-json\/wp\/v2\/users\/2"}],"replies":[{"embeddable":true,"href":"https:\/\/artnailsbysandrasans.com\/fr\/wp-json\/wp\/v2\/comments?post=688"}],"version-history":[{"count":0,"href":"https:\/\/artnailsbysandrasans.com\/fr\/wp-json\/wp\/v2\/pages\/688\/revisions"}],"wp:attachment":[{"href":"https:\/\/artnailsbysandrasans.com\/fr\/wp-json\/wp\/v2\/media?parent=688"}],"curies":[{"name":"wp","href":"https:\/\/api.w.org\/{rel}","templated":true}]}}